{"id":331,"date":"2014-12-12T08:17:45","date_gmt":"2014-12-12T08:17:45","guid":{"rendered":"http:\/\/www.finquesmuns.com\/finques-muns\/"},"modified":"2026-03-25T10:39:21","modified_gmt":"2026-03-25T10:39:21","slug":"finques-muns","status":"publish","type":"page","link":"https:\/\/www.finquesmuns.com\/es\/finques-muns\/","title":{"rendered":"Finques Muns"},"content":{"rendered":"<h2>Finques Muns<\/h2>\n<p>Finques MUNS es una inmobiliaria de Girona que ofrece un servicio integral y personalizado en el asesoramiento para la compra, venta, alquiler o cualquier otra modalidad de servicio inmobiliario.<\/p>\n<p>El equipo de profesionales de MUNS le garantiza implicaci\u00f3n y seguimiento para cubrir sus necesidades, siempre asesor\u00e1ndoos seg\u00fan la vivienda, localizaci\u00f3n y precios que le pueden interesar.<\/p>\n<p>Nuestra larga experiencia en las comarcas gerundenses y especialmente en la zona metropolitana de Girona, Salt y Sarri\u00e0, hace que nos hagan confianza clientes corporativos, entidades financieras y particulares.<\/p>\n<p><em>Su inmobiliaria de proximidad<\/em><\/p>\n<p>&nbsp;<\/p>\n<h2>Equipo<\/h2>\n<p>Nuestro equipo le quiere demostrar implicaci\u00f3n y seguimiento para cubrir sus necesidades, siempre asesor\u00e1ndoos seg\u00fan la vivienda, localizaci\u00f3n, precios y demanda del momento.<\/p>\n<p>&nbsp;<\/p>\n<p>&nbsp;<\/p>\n<div class=\"equip_muns\" style=\"text-align: center;\">\n<div class=\"content_equip\">\n<div class=\"foto_muns\" style=\"text-align: center;\"><img decoding=\"async\" class=\"alignnone size-full wp-image-43\" src=\"http:\/\/www.finquesmuns.com\/wp-content\/uploads\/2014\/12\/imma.png\" alt=\"\" \/><img loading=\"lazy\" decoding=\"async\" class=\"imgredonda alignnone wp-image-15624 size-medium\" src=\"http:\/\/www.finquesmuns.com\/wp-content\/uploads\/2021\/04\/Imma-300x300.jpg\" alt=\"\" width=\"300\" height=\"300\" srcset=\"https:\/\/www.finquesmuns.com\/wp-content\/uploads\/2021\/04\/Imma-300x300.jpg 300w, https:\/\/www.finquesmuns.com\/wp-content\/uploads\/2021\/04\/Imma-150x150.jpg 150w, https:\/\/www.finquesmuns.com\/wp-content\/uploads\/2021\/04\/Imma-250x250.jpg 250w, https:\/\/www.finquesmuns.com\/wp-content\/uploads\/2021\/04\/Imma.jpg 632w\" sizes=\"auto, (max-width: 300px) 100vw, 300px\" \/><\/div>\n<div style=\"text-align: center;\"><strong>Imma Muns<\/strong><br \/>\nCEO A.P.I. 0803<\/div>\n<p>&nbsp;<\/p>\n<\/div>\n<div><\/div>\n<\/div>\n<div><\/div>\n<div>\n<div class=\"equip_muns\" style=\"text-align: center;\">\n<div class=\"content_equip\">\n<div class=\"foto_muns\" style=\"text-align: center;\"><img loading=\"lazy\" decoding=\"async\" class=\"imgredonda alignnone wp-image-15622 size-medium\" src=\"http:\/\/www.finquesmuns.com\/wp-content\/uploads\/2021\/04\/Cristina-300x300.jpg\" alt=\"\" width=\"300\" height=\"300\" srcset=\"https:\/\/www.finquesmuns.com\/wp-content\/uploads\/2021\/04\/Cristina-300x300.jpg 300w, https:\/\/www.finquesmuns.com\/wp-content\/uploads\/2021\/04\/Cristina-150x150.jpg 150w, https:\/\/www.finquesmuns.com\/wp-content\/uploads\/2021\/04\/Cristina-250x250.jpg 250w, https:\/\/www.finquesmuns.com\/wp-content\/uploads\/2021\/04\/Cristina.jpg 632w\" sizes=\"auto, (max-width: 300px) 100vw, 300px\" \/><\/div>\n<div class=\"foto_muns\" style=\"text-align: center;\"><strong>Cristina Saenz<\/strong><\/div>\n<div class=\"foto_muns\" style=\"text-align: center;\">Asesora Inmobiliaria<\/div>\n<div style=\"text-align: center;\">\n<div class=\"content_equip\">\n<div class=\"equip_muns\" style=\"text-align: center;\">\n<div class=\"content_equip\">\n<div style=\"text-align: center;\"><\/div>\n<p>&nbsp;<\/p>\n<\/div>\n<div><\/div>\n<\/div>\n<\/div>\n<\/div>\n<\/div>\n<\/div>\n<\/div>\n<div class=\"equip_muns\" style=\"text-align: center;\">\n<div><img loading=\"lazy\" decoding=\"async\" class=\"imgredonda alignnone wp-image-15620 size-medium\" src=\"http:\/\/www.finquesmuns.com\/wp-content\/uploads\/2021\/04\/estel-300x300.jpg\" alt=\"\" width=\"300\" height=\"300\" srcset=\"https:\/\/www.finquesmuns.com\/wp-content\/uploads\/2021\/04\/estel-300x300.jpg 300w, https:\/\/www.finquesmuns.com\/wp-content\/uploads\/2021\/04\/estel-150x150.jpg 150w, https:\/\/www.finquesmuns.com\/wp-content\/uploads\/2021\/04\/estel-250x250.jpg 250w, https:\/\/www.finquesmuns.com\/wp-content\/uploads\/2021\/04\/estel.jpg 632w\" sizes=\"auto, (max-width: 300px) 100vw, 300px\" \/><\/div>\n<div><strong><span lang=\"CA\">Estel Xifra<\/span><\/strong><\/div>\n<div>Asesora Inmobiliaria<\/div>\n<div style=\"text-align: center;\">\n<div class=\"equip_muns\" style=\"text-align: center;\">\n<div class=\"content_equip\">\n<div style=\"text-align: center;\">\n<div class=\"content_equip\">\n<div style=\"text-align: center;\">\n<div class=\"equip_muns\" style=\"text-align: center;\">\n<div class=\"content_equip\">\n<p>\u200b<\/p>\n<div>\n<div class=\"equip_muns\" style=\"text-align: center;\">\n<div class=\"content_equip\">\n<div style=\"text-align: center;\">\n<div class=\"content_equip\">\n<div class=\"equip_muns\" style=\"text-align: center;\">\n<div class=\"content_equip\">\n<p>&nbsp;<\/p>\n<\/div>\n<div><\/div>\n<\/div>\n<\/div>\n<\/div>\n<\/div>\n<\/div>\n<\/div>\n<div class=\"equip_muns\" style=\"text-align: center;\"><\/div>\n<\/div>\n<\/div>\n<\/div>\n<\/div>\n<\/div>\n<\/div>\n<\/div>\n<\/div>\n","protected":false},"excerpt":{"rendered":"<p>Finques Muns Finques MUNS es una inmobiliaria de Girona que ofrece un servicio integral y personalizado en el asesoramiento para la compra, venta, alquiler o cualquier otra modalidad de servicio inmobiliario. El equipo de profesionales de MUNS le garantiza implicaci\u00f3n y seguimiento para cubrir sus necesidades, siempre asesor\u00e1ndoos seg\u00fan la vivienda, localizaci\u00f3n y precios que [&hellip;]<\/p>\n","protected":false},"author":1,"featured_media":0,"parent":0,"menu_order":0,"comment_status":"open","ping_status":"open","template":"","meta":{"_acf_changed":false,"footnotes":""},"class_list":["post-331","page","type-page","status-publish","hentry"],"acf":[],"_links":{"self":[{"href":"https:\/\/www.finquesmuns.com\/es\/wp-json\/wp\/v2\/pages\/331","targetHints":{"allow":["GET"]}}],"collection":[{"href":"https:\/\/www.finquesmuns.com\/es\/wp-json\/wp\/v2\/pages"}],"about":[{"href":"https:\/\/www.finquesmuns.com\/es\/wp-json\/wp\/v2\/types\/page"}],"author":[{"embeddable":true,"href":"https:\/\/www.finquesmuns.com\/es\/wp-json\/wp\/v2\/users\/1"}],"replies":[{"embeddable":true,"href":"https:\/\/www.finquesmuns.com\/es\/wp-json\/wp\/v2\/comments?post=331"}],"version-history":[{"count":25,"href":"https:\/\/www.finquesmuns.com\/es\/wp-json\/wp\/v2\/pages\/331\/revisions"}],"predecessor-version":[{"id":28324,"href":"https:\/\/www.finquesmuns.com\/es\/wp-json\/wp\/v2\/pages\/331\/revisions\/28324"}],"wp:attachment":[{"href":"https:\/\/www.finquesmuns.com\/es\/wp-json\/wp\/v2\/media?parent=331"}],"curies":[{"name":"wp","href":"https:\/\/api.w.org\/{rel}","templated":true}]}}